{"id":465,"date":"2019-10-02T10:54:33","date_gmt":"2019-10-02T08:54:33","guid":{"rendered":"https:\/\/villaherbalandia.com\/?page_id=465"},"modified":"2019-10-02T10:54:35","modified_gmt":"2019-10-02T08:54:35","slug":"datenschutz-bestimmungen","status":"publish","type":"page","link":"https:\/\/villaherbalandia.com\/?page_id=465&lang=de","title":{"rendered":"Datenschutz-Bestimmungen"},"content":{"rendered":"<section class=\"wpb-content-wrapper\"><p>[vc_row][vc_column]<div class=\"wpb_content_element \"><style type=\"text\/css\"><\/style><header id=\"ut_header_69fc8bd9a80b5\" class=\"section-header  ut-no-title-linebreak-mobile ut-no-lead-linebreak-mobile pt-style-6 header-left header-tablet-left header-mobile-center\"><h2 data-title=\"Datenschutz-Bestimmungen\"  data-responsive-font=\"section_title\" class=\"section-title  \"><span>Datenschutz-Bestimmungen<\/span><\/h2><\/header><\/div>[vc_column_text]\u00dcber uns<\/p>\n<p>Die Adresse unserer Website lautet: https:\/\/www.villaherbalandia.com<\/p>\n<p>Steuername: Villa Herbalandia &#8211; Ruth &amp; Manuel Gosende &#8211; H\u00e4ni<\/p>\n<p>Adresse: Las Atalayas &#8211; Avda. Bulgarien, 23<\/p>\n<p>12598 Pe\u00f1\u00edscola (Castell\u00f3n)<\/p>\n<p>Kontakttelefon: +34 964 480 150 &#8211; +34 629 254 751<\/p>\n<p>Kontakt E-Mail: villaherbalandia@yahoo.es<\/p>\n<p>Welche personenbezogenen Daten erheben wir und warum erheben wir sie?<\/p>\n<p>Kundenregistrierungsdaten<\/p>\n<p>Um eine Bestellung aufgeben zu k\u00f6nnen, m\u00fcssen Sie sich als Kunde registrieren. In diesem Prozess erfassen wir Ihre pers\u00f6nlichen Daten, damit Sie sich als Kunde registrieren und die Bestellung aufgeben k\u00f6nnen.<\/p>\n<p>Bemerkungen<\/p>\n<p>Wenn Besucher Kommentare im Web hinterlassen, erfassen wir die im Kommentarformular angezeigten Daten sowie die IP-Adresse des Besuchers und die Benutzeragentenkette des Browsers, um Spam zu erkennen.<\/p>\n<p>Eine anonyme Zeichenfolge, die aus Ihrer E-Mail-Adresse erstellt wurde (auch als Hash bezeichnet), kann dem Gravatar-Dienst zur Verf\u00fcgung gestellt werden, um festzustellen, ob Sie sie verwenden. Die Datenschutzrichtlinie f\u00fcr den Gravatar-Service finden Sie hier: https:\/\/automattic.com\/privacy\/. Nach der Genehmigung Ihres Kommentars ist das Bild Ihres Profils im Kontext Ihres Kommentars f\u00fcr die \u00d6ffentlichkeit sichtbar.<\/p>\n<p>Medien<\/p>\n<p>Wenn Sie Bilder in das Internet hochladen, sollten Sie das Hochladen von Bildern mit eingeschlossenen Standortdaten (GPS EXIF) vermeiden. Webbesucher k\u00f6nnen beliebige Standortdaten aus den Webbildern herunterladen und extrahieren.<\/p>\n<p>Kontaktformulare<\/p>\n<p>In den Kontaktformularen sammeln wir die notwendigen Daten, um die vom Kunden gew\u00fcnschte Dienstleistung zu erbringen.<\/p>\n<p>Kekse<\/p>\n<p>Wenn Sie einen Kommentar auf unserer Website hinterlassen, k\u00f6nnen Sie Ihren Namen, Ihre E-Mail-Adresse und Ihre Website in Cookies speichern. Dies dient Ihrer Bequemlichkeit, sodass Sie Ihre Daten nicht erneut eingeben m\u00fcssen, wenn Sie einen weiteren Kommentar hinterlassen. Diese Cookies sind ein Jahr g\u00fcltig.<\/p>\n<p>Wenn Sie ein Konto haben und eine Verbindung zu dieser Website herstellen, installieren wir ein tempor\u00e4res Cookie, um festzustellen, ob Ihr Browser Cookies akzeptiert. Dieser Cookie enth\u00e4lt keine personenbezogenen Daten und wird beim Schlie\u00dfen des Browsers gel\u00f6scht.<\/p>\n<p>Wenn Sie sich anmelden, installieren wir auch mehrere Cookies, um Ihre Anmeldeinformationen und Ihre Bildschirmanzeigeoptionen zu speichern. Anmeldecookies dauern zwei Tage und Bildschirmoptionscookies dauern ein Jahr. Wenn Sie \u00abAngemeldet bleiben\u00bb ausw\u00e4hlen, bleibt Ihr Login zwei Wochen lang erhalten. Wenn Sie Ihr Konto verlassen, werden die Login-Cookies gel\u00f6scht.<\/p>\n<p>Wenn Sie einen Artikel bearbeiten oder ver\u00f6ffentlichen, wird ein zus\u00e4tzliches Cookie in Ihrem Browser gespeichert. Dieses Cookie enth\u00e4lt keine pers\u00f6nlichen Daten und gibt lediglich die ID des gerade bearbeiteten Artikels an. Es l\u00e4uft nach 1 Tag ab.<\/p>\n<p>Eingebettete Inhalte von anderen Websites<\/p>\n<p>Artikel auf dieser Website k\u00f6nnen eingebetteten Inhalt enthalten (z. B. Videos, Bilder, Artikel usw.). Der eingebettete Inhalt anderer Websites verh\u00e4lt sich genauso, als h\u00e4tte der Besucher die andere Website besucht.<\/p>\n<p>Diese Websites k\u00f6nnen Daten \u00fcber Sie sammeln, Cookies verwenden, zus\u00e4tzliches Tracking von Drittanbietern einbetten und Ihre Interaktion mit diesem eingebetteten Inhalt \u00fcberwachen, einschlie\u00dflich der Verfolgung Ihrer Interaktion mit dem eingebetteten Inhalt, wenn Sie \u00fcber ein Konto verf\u00fcgen und mit dieser Website verbunden sind.<\/p>\n<p>Analytics<\/p>\n<p>Wir erfassen die Browserdaten anonym mit Google Analytics.<\/p>\n<p>Mit wem teilen wir Ihre Daten<\/p>\n<p>Wir geben Ihre pers\u00f6nlichen Daten nicht weiter.<\/p>\n<p>Wir geben Ihre Browserdaten anonym an Google Analytics weiter.<\/p>\n<p>Wie lange werden Ihre Daten gespeichert?<\/p>\n<p>Wenn Sie einen Kommentar hinterlassen, bleiben der Kommentar und seine Metadaten auf unbestimmte Zeit erhalten. Auf diese Weise k\u00f6nnen wir aufeinanderfolgende Kommentare automatisch erkennen und genehmigen, anstatt sie in einer Moderationswarteschlange zu belassen.<\/p>\n<p>Von den Benutzern, die sich auf unserer Website registrieren (falls vorhanden), speichern wir auch die von ihnen angegebenen pers\u00f6nlichen Informationen in ihrem Benutzerprofil. Alle Benutzer k\u00f6nnen ihre pers\u00f6nlichen Informationen jederzeit anzeigen, bearbeiten oder l\u00f6schen (au\u00dfer sie k\u00f6nnen ihren Benutzernamen nicht \u00e4ndern). Webadministratoren k\u00f6nnen diese Informationen auch anzeigen und bearbeiten.<\/p>\n<p>Welche Rechte haben Sie an Ihren Daten?<\/p>\n<p>Wenn Sie \u00fcber ein Konto verf\u00fcgen oder Kommentare zu dieser Website hinterlassen haben, k\u00f6nnen Sie eine Exportdatei der von uns \u00fcber Sie gespeicherten personenbezogenen Daten einschlie\u00dflich der von Ihnen angegebenen Informationen anfordern. Sie k\u00f6nnen auch verlangen, dass wir alle personenbezogenen Daten l\u00f6schen, die wir \u00fcber Sie haben. Dies schlie\u00dft keine Daten ein, die wir f\u00fcr administrative, rechtliche oder Sicherheitszwecke aufbewahren m\u00fcssen.<\/p>\n<p>Wohin wir Ihre Daten senden<\/p>\n<p>Besucherkommentare k\u00f6nnen von einem automatischen Spam-Erkennungsdienst \u00fcberpr\u00fcft werden.<\/p>\n<p>Wie wir Ihre Daten sch\u00fctzen<\/p>\n<p>Unsere Domain ist durch ein Wildcard-SSL-Sicherheitszertifikat gesch\u00fctzt, das von 1and1 Ionos verwaltet wird und von DigiCert erstellt wurde.[\/vc_column_text][\/vc_column][\/vc_row]<\/p>\n<\/section>","protected":false},"excerpt":{"rendered":"<p>[vc_row][vc_column][vc_column_text]\u00dcber uns Die Adresse unserer Website lautet: https:\/\/www.villaherbalandia.com Steuername: Villa Herbalandia &#8211; Ruth &amp; Manuel Gosende &#8211; H\u00e4ni Adresse: Las Atalayas &#8211; Avda. Bulgarien, 23 12598 Pe\u00f1\u00edscola (Castell\u00f3n) Kontakttelefon: +34 964 480 150 &#8211; +34 629 254 751 Kontakt E-Mail: villaherbalandia@yahoo.es Welche personenbezogenen Daten erheben wir und warum erheben wir sie? Kundenregistrierungsdaten Um eine Bestellung [&hellip;]<\/p>\n","protected":false},"author":1,"featured_media":0,"parent":0,"menu_order":0,"comment_status":"closed","ping_status":"closed","template":"","meta":{"footnotes":""},"_links":{"self":[{"href":"https:\/\/villaherbalandia.com\/index.php?rest_route=\/wp\/v2\/pages\/465"}],"collection":[{"href":"https:\/\/villaherbalandia.com\/index.php?rest_route=\/wp\/v2\/pages"}],"about":[{"href":"https:\/\/villaherbalandia.com\/index.php?rest_route=\/wp\/v2\/types\/page"}],"author":[{"embeddable":true,"href":"https:\/\/villaherbalandia.com\/index.php?rest_route=\/wp\/v2\/users\/1"}],"replies":[{"embeddable":true,"href":"https:\/\/villaherbalandia.com\/index.php?rest_route=%2Fwp%2Fv2%2Fcomments&post=465"}],"version-history":[{"count":1,"href":"https:\/\/villaherbalandia.com\/index.php?rest_route=\/wp\/v2\/pages\/465\/revisions"}],"predecessor-version":[{"id":466,"href":"https:\/\/villaherbalandia.com\/index.php?rest_route=\/wp\/v2\/pages\/465\/revisions\/466"}],"wp:attachment":[{"href":"https:\/\/villaherbalandia.com\/index.php?rest_route=%2Fwp%2Fv2%2Fmedia&parent=465"}],"curies":[{"name":"wp","href":"https:\/\/api.w.org\/{rel}","templated":true}]}}