{"id":385,"date":"2019-10-01T17:00:14","date_gmt":"2019-10-01T15:00:14","guid":{"rendered":"https:\/\/villaherbalandia.com\/?page_id=385"},"modified":"2021-01-05T17:10:38","modified_gmt":"2021-01-05T15:10:38","slug":"enlaces-turisticos","status":"publish","type":"page","link":"https:\/\/villaherbalandia.com\/?page_id=385","title":{"rendered":"Enlaces tur\u00edsticos"},"content":{"rendered":"<section class=\"wpb-content-wrapper\"><p>[vc_row css=\u00bb.vc_custom_1569942398614{padding-top: 60px !important;}\u00bb][vc_column]<div class=\"wpb_content_element \"><style type=\"text\/css\"><\/style><header id=\"ut_header_69fc810f2a290\" class=\"section-header  ut-no-title-linebreak-mobile ut-no-lead-linebreak-mobile pt-style-6 header-left header-tablet-left header-mobile-center\"><h2 data-title=\"ENLACES TUR\u00cdSTICOS\"  data-responsive-font=\"section_title\" class=\"section-title  \"><span>ENLACES TUR\u00cdSTICOS<\/span><\/h2><\/header><\/div>[\/vc_column][\/vc_row][vc_row][vc_column][vc_column_text]<\/p>\n<h1><span style=\"color: #000000;\">PE\u00d1\u00cdSCOLA<\/span><\/h1>\n<p><a href=\"http:\/\/www.peniscola.es\/\" target=\"_blank\" rel=\"noopener noreferrer\">Turismo Pe\u00f1\u00edscola<\/a><\/p>\n<p><a href=\"http:\/\/comunitatvalenciana.com\/search\/apachesolr_search?filters=%20type%3Aplaya%20im_cck_field_shared_rel_municipio%3A101936%20tid%3A12\" target=\"_blank\" rel=\"noopener noreferrer\">Playas en Pe\u00f1\u00edscola<\/a><\/p>\n<p><a href=\"https:\/\/www.comunitatvalenciana.com\/es\/castello-castellon\/peniscola-peniscola\/webcams\/peniscola-1\" target=\"_blank\" rel=\"noopener noreferrer\">Webcam Pe\u00f1\u00edscola<\/a><\/p>\n<p><a href=\"https:\/\/www.turismodecastellon.com\/es\/que-hacer\/costa\" target=\"_blank\" rel=\"noopener noreferrer\">Costa del Azahar<\/a><\/p>\n<p><a href=\"http:\/\/comunitatvalenciana.com\/\" target=\"_blank\" rel=\"noopener noreferrer\">Comunidad Valenciana<\/a><\/p>\n<p>&nbsp;<\/p>\n<h1><span style=\"color: #000000;\">EXCURSIONES<\/span><\/h1>\n<p><a href=\"https:\/\/www.castellonturismo.com\/que-hacer\/parques-naturales\/islas-columbretes\/\" target=\"_blank\" rel=\"noopener noreferrer\">Islas Columbretes<\/a><\/p>\n<p><a href=\"http:\/\/comunitatvalenciana.com\/actualidad\/comunitat-valenciana\/noticias\/los-tesoros-que-esconde-el-maestrazgo-castellonense-0\" target=\"_blank\" rel=\"noopener noreferrer\">El Maestrazgo<\/a><\/p>\n<p><a href=\"http:\/\/www.peniscola.es\/que-te-ofrecemos\/naturaleza\/sierra-de-irta\/\" target=\"_blank\" rel=\"noopener noreferrer\">Parque Natural Sierra de Irta<\/a><\/p>\n<p><a href=\"http:\/\/www.covesdesantjosep.es\/\" target=\"_blank\" rel=\"noopener noreferrer\">Cuevas de San Jos\u00e9<\/a><\/p>\n<p><a href=\"http:\/\/turismosantmateu.es\/\" target=\"_blank\" rel=\"noopener noreferrer\">Sant Mateu<\/a><\/p>\n<p><a href=\"http:\/\/www.morella.net\/?lang=es\" target=\"_blank\" rel=\"noopener noreferrer\">Morella<\/a><\/p>\n<p><a href=\"http:\/\/www.parquesnaturales.gva.es\/va\/web\/pn-tinenca-de-benifassa\" target=\"_blank\" rel=\"noopener noreferrer\">Parc Natural Tinen\u00e7a de Benifassa<\/a><\/p>\n<p><a href=\"https:\/\/www.cac.es\/va\/home.html\" target=\"_blank\" rel=\"noopener noreferrer\">Ciudad de las Artes y las Ciencias<\/a><\/p>\n<p><a href=\"https:\/\/www.portaventuraworld.com\/\" target=\"_blank\" rel=\"noopener noreferrer\">Port Aventura<\/a><\/p>\n<p><a href=\"https:\/\/www.turismeamposta.cat\/es\/amposta-es-delta-del-ebro\/\" target=\"_blank\" rel=\"noopener noreferrer\">Delta del Ebro<\/a>[\/vc_column_text][\/vc_column][\/vc_row]<\/p>\n<\/section>","protected":false},"excerpt":{"rendered":"<p>[vc_row css=\u00bb.vc_custom_1569942398614{padding-top: 60px !important;}\u00bb][vc_column][\/vc_column][\/vc_row][vc_row][vc_column][vc_column_text] PE\u00d1\u00cdSCOLA Turismo Pe\u00f1\u00edscola Playas en Pe\u00f1\u00edscola Webcam Pe\u00f1\u00edscola Costa del Azahar Comunidad Valenciana &nbsp; EXCURSIONES Islas Columbretes El Maestrazgo Parque Natural Sierra de Irta Cuevas de San Jos\u00e9 Sant Mateu Morella Parc Natural Tinen\u00e7a de Benifassa Ciudad de las Artes y las Ciencias Port Aventura Delta del Ebro[\/vc_column_text][\/vc_column][\/vc_row]<\/p>\n","protected":false},"author":1,"featured_media":0,"parent":0,"menu_order":0,"comment_status":"closed","ping_status":"closed","template":"","meta":{"footnotes":""},"_links":{"self":[{"href":"https:\/\/villaherbalandia.com\/index.php?rest_route=\/wp\/v2\/pages\/385"}],"collection":[{"href":"https:\/\/villaherbalandia.com\/index.php?rest_route=\/wp\/v2\/pages"}],"about":[{"href":"https:\/\/villaherbalandia.com\/index.php?rest_route=\/wp\/v2\/types\/page"}],"author":[{"embeddable":true,"href":"https:\/\/villaherbalandia.com\/index.php?rest_route=\/wp\/v2\/users\/1"}],"replies":[{"embeddable":true,"href":"https:\/\/villaherbalandia.com\/index.php?rest_route=%2Fwp%2Fv2%2Fcomments&post=385"}],"version-history":[{"count":3,"href":"https:\/\/villaherbalandia.com\/index.php?rest_route=\/wp\/v2\/pages\/385\/revisions"}],"predecessor-version":[{"id":1102,"href":"https:\/\/villaherbalandia.com\/index.php?rest_route=\/wp\/v2\/pages\/385\/revisions\/1102"}],"wp:attachment":[{"href":"https:\/\/villaherbalandia.com\/index.php?rest_route=%2Fwp%2Fv2%2Fmedia&parent=385"}],"curies":[{"name":"wp","href":"https:\/\/api.w.org\/{rel}","templated":true}]}}