{"id":338,"date":"2019-10-01T12:08:51","date_gmt":"2019-10-01T10:08:51","guid":{"rendered":"https:\/\/villaherbalandia.com\/?page_id=338"},"modified":"2019-10-01T12:08:52","modified_gmt":"2019-10-01T10:08:52","slug":"wer-wir-sind","status":"publish","type":"page","link":"https:\/\/villaherbalandia.com\/?page_id=338&lang=de","title":{"rendered":"Wer wir sind"},"content":{"rendered":"<section class=\"wpb-content-wrapper\"><p>[vc_row css=\u00bb.vc_custom_1569924283195{padding-top: 60px !important;}\u00bb][vc_column]<div class=\"wpb_content_element \"><style type=\"text\/css\"><\/style><header id=\"ut_header_69fc8c032010b\" class=\"section-header  ut-no-title-linebreak-mobile ut-no-lead-linebreak-mobile pt-style-6 header-center header-tablet-center header-mobile-center\"><h2 data-title=\"Wer wir sind\"  data-responsive-font=\"section_title\" class=\"section-title  \"><span>Wer wir sind<\/span><\/h2><\/header><\/div>[\/vc_column][\/vc_row][vc_row equal_height=\u00bbyes\u00bb content_placement=\u00bbmiddle\u00bb][vc_column width=\u00bb1\/3&#8243;]<div  class=\"wpb_content_element   clearfix\"><style type=\"text\/css\">#ut_am_69fc8c033234f { opacity: 1; }#ut_am_wrap_69fc8c0332351 { text-align: left; }@media (min-width: 768px) and (max-width: 1024px) { #ut_am_wrap_69fc8c0332351 { text-align: left !important; } }@media (max-width: 767px) { #ut_am_wrap_69fc8c0332351 { text-align: center !important; } }<\/style><div id=\"ut_am_wrap_69fc8c0332351\" class=\"ut-image-gallery-image \"><div id=\"ut_reveal_69fc8c0332353\"  data-appear-top-offset=\"auto\" class=\"ut-animated-image-item ut-image-gallery-item ut-animation-done \"><a class=\"ut-deactivated-link\" href=\"#\"><div class=\"ut-animated-image-zoom\">\r\n        <div class=\"ut-element-glitch-wrap\">\r\n\r\n            \r\n        <style type=\"text\/css\">\r\n\r\n                        \r\n        @media (min-width: 1025px) {\r\n\r\n        #ut-element-glitch-69fc8c0332391772767892-121 .ut-glitch-single-element {\r\n                                            \r\n                }\r\n        }\r\n\r\n        @media (min-width: 768px) and (max-width: 1024px) {\r\n\r\n        #ut-element-glitch-69fc8c0332391772767892-121 .ut-glitch-single-element {\r\n                                                \r\n                    }\r\n        }\r\n\r\n        @media (max-width: 767px) {\r\n\r\n        #ut-element-glitch-69fc8c0332391772767892-121 .ut-glitch-single-element {\r\n                                                \r\n                    }\r\n        }\r\n\r\n        \r\n        <\/style>\r\n\r\n        \r\n            <div id=\"ut-element-glitch-69fc8c0332391772767892-121\" class=\" ut-element-glitch ut-glitch-none ut-element-glitch-permanent\">\r\n                <div class=\"ut-glitch-single-element ut-lozad skip-lazy\" data-background-image=\"https:\/\/villaherbalandia.com\/wp-content\/uploads\/crucero.png\"><\/div>\r\n                <div class=\"ut-glitch-single-element ut-lozad skip-lazy\" data-background-image=\"https:\/\/villaherbalandia.com\/wp-content\/uploads\/crucero.png\"><\/div>\r\n                <div class=\"ut-glitch-single-element ut-lozad skip-lazy\" data-background-image=\"https:\/\/villaherbalandia.com\/wp-content\/uploads\/crucero.png\"><\/div>\r\n                <div class=\"ut-glitch-single-element ut-lozad skip-lazy\" data-background-image=\"https:\/\/villaherbalandia.com\/wp-content\/uploads\/crucero.png\"><\/div>\r\n                <div class=\"ut-glitch-single-element ut-lozad skip-lazy\" data-background-image=\"https:\/\/villaherbalandia.com\/wp-content\/uploads\/crucero.png\"><\/div>\r\n            <\/div>\r\n\r\n        <\/div>\r\n\r\n        <img class=\"ut-lazy skip-lazy ut-animated-image \"  id=\"ut_am_69fc8c033234f\" src=\"data:image\/svg+xml;charset=utf-8,%3Csvg xmlns%3D'http%3A%2F%2Fwww.w3.org%2F2000%2Fsvg' viewBox%3D'0 0 294 223'%2F%3E\" data-src=\"https:\/\/villaherbalandia.com\/wp-content\/uploads\/crucero.png\" width=\"294\" height=\"223\" alt=\"\"\/><\/div><\/a><\/div><\/div><\/div>[\/vc_column][vc_column width=\u00bb2\/3&#8243;][vc_column_text]Da Sie Ihnen vielleicht einige Fragen \u00fcber uns machen, versuchen wir hier, Ihnen eine gewisse Information zu liefern:<\/p>\n<p>Ruth und Manuel Gosende von schweizer und spanischer Nationalit\u00e4t sind wir die Stadteigent?mer Herbalandia, seit wir es im Jahr 1986 in diesem reizenden Ort gebaut haben, das Pe\u00f1\u00edscola ist. Wir haben ebenfalls ein Eigentum in den Schweizer Alpen.<\/p>\n<p>In unserem professionellen Leben haben wir verschiedene Aktivit\u00e4ten durchgef\u00e4hrt: Eigent\u00fcmer verschiedener Angelegenheiten: Reiseb\u00fcro, Kunstgalerie, immobiliaire Agentur, Restaurants, Camping und F\u00fchrungskraft bis zu 45 Angestellten und wir haben verschiedene Schulen und Diplome durchgef\u00e4hrtes : Hotelwesenschule von Genf, Unterwassertauchflugzeugpilot, Monitor, Arch\u00e4ologie, Schimonitrice, Meisterschaften der Kanuwelt, indem man die Schweiz darstellt usw&#8230;<\/p>\n<p>In einem Teil der Herbalandia-Villa (in Gesamtzahl sie hat etwa 600 m2), es ist f\u00fcr uns ein Vergn\u00e4gen, pers\u00f6nlich an unseren Gastgebern zu erhalten (sie sind f\u00fcr uns so) de verschiedene Orte in spansch, franz\u00f6schem, deutschem und englischem, daher sweizer dutsch und Galizier, und wie wir ebenfalls eine kleine Ranch 17 km der Distanz entfernt besitzen, sind wir f\u00fcr jede Information oder M\u00f6glichkeit leicht verf\u00fcgbar,<\/p>\n<p>Vom Schwimmbad, von den G\u00e4rten, der Rasen, W\u00e4ssern usw. besetzen wir uns selbst das notwendige, nicht deranger Minimum die Ruhe der Inhaber.<\/p>\n<p>Wir werden ein Vergn\u00fcgen haben, Sie zu empfangen und werden versuchen zu erhalten, dass Ihr Aufenthalt von Erinnerungen gef\u00fcllig und m\u00e4ritant ist.[\/vc_column_text][\/vc_column][\/vc_row]<\/p>\n<\/section>","protected":false},"excerpt":{"rendered":"<p>[vc_row css=\u00bb.vc_custom_1569924283195{padding-top: 60px !important;}\u00bb][vc_column][\/vc_column][\/vc_row][vc_row equal_height=\u00bbyes\u00bb content_placement=\u00bbmiddle\u00bb][vc_column width=\u00bb1\/3&#8243;][\/vc_column][vc_column width=\u00bb2\/3&#8243;][vc_column_text]Da Sie Ihnen vielleicht einige Fragen \u00fcber uns machen, versuchen wir hier, Ihnen eine gewisse Information zu liefern: Ruth und Manuel Gosende von schweizer und spanischer Nationalit\u00e4t sind wir die Stadteigent?mer Herbalandia, seit wir es im Jahr 1986 in diesem reizenden Ort gebaut haben, das Pe\u00f1\u00edscola ist. Wir [&hellip;]<\/p>\n","protected":false},"author":1,"featured_media":0,"parent":0,"menu_order":0,"comment_status":"closed","ping_status":"closed","template":"","meta":{"footnotes":""},"_links":{"self":[{"href":"https:\/\/villaherbalandia.com\/index.php?rest_route=\/wp\/v2\/pages\/338"}],"collection":[{"href":"https:\/\/villaherbalandia.com\/index.php?rest_route=\/wp\/v2\/pages"}],"about":[{"href":"https:\/\/villaherbalandia.com\/index.php?rest_route=\/wp\/v2\/types\/page"}],"author":[{"embeddable":true,"href":"https:\/\/villaherbalandia.com\/index.php?rest_route=\/wp\/v2\/users\/1"}],"replies":[{"embeddable":true,"href":"https:\/\/villaherbalandia.com\/index.php?rest_route=%2Fwp%2Fv2%2Fcomments&post=338"}],"version-history":[{"count":1,"href":"https:\/\/villaherbalandia.com\/index.php?rest_route=\/wp\/v2\/pages\/338\/revisions"}],"predecessor-version":[{"id":339,"href":"https:\/\/villaherbalandia.com\/index.php?rest_route=\/wp\/v2\/pages\/338\/revisions\/339"}],"wp:attachment":[{"href":"https:\/\/villaherbalandia.com\/index.php?rest_route=%2Fwp%2Fv2%2Fmedia&parent=338"}],"curies":[{"name":"wp","href":"https:\/\/api.w.org\/{rel}","templated":true}]}}