{"id":336,"date":"2019-10-01T12:08:09","date_gmt":"2019-10-01T10:08:09","guid":{"rendered":"https:\/\/villaherbalandia.com\/?page_id=336"},"modified":"2019-10-01T12:08:10","modified_gmt":"2019-10-01T10:08:10","slug":"qui-sommes-nous","status":"publish","type":"page","link":"https:\/\/villaherbalandia.com\/?page_id=336&lang=fr","title":{"rendered":"Qui sommes nous"},"content":{"rendered":"<section class=\"wpb-content-wrapper\"><p>[vc_row css=\u00bb.vc_custom_1569924283195{padding-top: 60px !important;}\u00bb][vc_column]<div class=\"wpb_content_element \"><style type=\"text\/css\"><\/style><header id=\"ut_header_69fc8cfdeff18\" class=\"section-header  ut-no-title-linebreak-mobile ut-no-lead-linebreak-mobile pt-style-6 header-center header-tablet-center header-mobile-center\"><h2 data-title=\"Qui sommes nous\"  data-responsive-font=\"section_title\" class=\"section-title  \"><span>Qui sommes nous<\/span><\/h2><\/header><\/div>[\/vc_column][\/vc_row][vc_row equal_height=\u00bbyes\u00bb content_placement=\u00bbmiddle\u00bb][vc_column width=\u00bb1\/3&#8243;]<div  class=\"wpb_content_element   clearfix\"><style type=\"text\/css\">#ut_am_69fc8cfe03924 { opacity: 1; }#ut_am_wrap_69fc8cfe03927 { text-align: left; }@media (min-width: 768px) and (max-width: 1024px) { #ut_am_wrap_69fc8cfe03927 { text-align: left !important; } }@media (max-width: 767px) { #ut_am_wrap_69fc8cfe03927 { text-align: center !important; } }<\/style><div id=\"ut_am_wrap_69fc8cfe03927\" class=\"ut-image-gallery-image \"><div id=\"ut_reveal_69fc8cfe03928\"  data-appear-top-offset=\"auto\" class=\"ut-animated-image-item ut-image-gallery-item ut-animation-done \"><a class=\"ut-deactivated-link\" href=\"#\"><div class=\"ut-animated-image-zoom\">\r\n        <div class=\"ut-element-glitch-wrap\">\r\n\r\n            \r\n        <style type=\"text\/css\">\r\n\r\n                        \r\n        @media (min-width: 1025px) {\r\n\r\n        #ut-element-glitch-69fc8cfe03967087206553-121 .ut-glitch-single-element {\r\n                                            \r\n                }\r\n        }\r\n\r\n        @media (min-width: 768px) and (max-width: 1024px) {\r\n\r\n        #ut-element-glitch-69fc8cfe03967087206553-121 .ut-glitch-single-element {\r\n                                                \r\n                    }\r\n        }\r\n\r\n        @media (max-width: 767px) {\r\n\r\n        #ut-element-glitch-69fc8cfe03967087206553-121 .ut-glitch-single-element {\r\n                                                \r\n                    }\r\n        }\r\n\r\n        \r\n        <\/style>\r\n\r\n        \r\n            <div id=\"ut-element-glitch-69fc8cfe03967087206553-121\" class=\" ut-element-glitch ut-glitch-none ut-element-glitch-permanent\">\r\n                <div class=\"ut-glitch-single-element ut-lozad skip-lazy\" data-background-image=\"https:\/\/villaherbalandia.com\/wp-content\/uploads\/crucero.png\"><\/div>\r\n                <div class=\"ut-glitch-single-element ut-lozad skip-lazy\" data-background-image=\"https:\/\/villaherbalandia.com\/wp-content\/uploads\/crucero.png\"><\/div>\r\n                <div class=\"ut-glitch-single-element ut-lozad skip-lazy\" data-background-image=\"https:\/\/villaherbalandia.com\/wp-content\/uploads\/crucero.png\"><\/div>\r\n                <div class=\"ut-glitch-single-element ut-lozad skip-lazy\" data-background-image=\"https:\/\/villaherbalandia.com\/wp-content\/uploads\/crucero.png\"><\/div>\r\n                <div class=\"ut-glitch-single-element ut-lozad skip-lazy\" data-background-image=\"https:\/\/villaherbalandia.com\/wp-content\/uploads\/crucero.png\"><\/div>\r\n            <\/div>\r\n\r\n        <\/div>\r\n\r\n        <img class=\"ut-lazy skip-lazy ut-animated-image \"  id=\"ut_am_69fc8cfe03924\" src=\"data:image\/svg+xml;charset=utf-8,%3Csvg xmlns%3D'http%3A%2F%2Fwww.w3.org%2F2000%2Fsvg' viewBox%3D'0 0 294 223'%2F%3E\" data-src=\"https:\/\/villaherbalandia.com\/wp-content\/uploads\/crucero.png\" width=\"294\" height=\"223\" alt=\"\"\/><\/div><\/a><\/div><\/div><\/div>[\/vc_column][vc_column width=\u00bb2\/3&#8243;][vc_column_text]Comme Vous vous faites peut-\u00eatre quelques questions sur nous , nous essayons ici de vous apporter une certaine information:<\/p>\n<p>Ruth et Manuel Gosende, de nationalit\u00e9 suisse et espagnole nous sommes les propri\u00e9taires de Ville Herbalandia depuis que nous l&#8217;avons construite l&#8217;ann\u00e9e 1986 dans ce lieu charmant qui est Pe\u00f1\u00edscola. Nous avons \u00e9galement une propri\u00e9t\u00e9 dans les Alpes Suisses.<\/p>\n<p>Dans notre vie professionnelle nous avons effectu\u00e9 diff\u00e9rentes activit\u00e9s: propri\u00e9taires de diff\u00e9rentes affaires : agence de voyages, galerie d&#8217;art, agence immobiliaire, restaurants, camping, et dirigeant jusqu&#8217;\u00e0 45 employ\u00e9s et nous avon s effectu\u00e9 diff\u00e9rentes \u00e9coles et dipl\u00f4mes: \u00e9cole d&#8217;H\u00f4tellerie de Gen\u00e8ve, pilote d&#8217;avion, moniteur de plong\u00e9e, arch\u00e9ologie sous-marine, monitrice de ski, championnats du monde de canoe en repr\u00e9sentant la Suisse, etc..<\/p>\n<p>Dans une partie de la Villa Herbalandia (en total elle m\u00e9sure quelque 600 m2) c&#8217;est pour nous un plaisir de recevoir personnellement \u00e0 nos h\u00f4tes (nous les considerons ainsi)de diff\u00e9rents lieux en espagnol, fran\u00e7ais, allemand et anglais , aussi le suisse allemand e et le galicien et comme nous poss\u00e9dons \u00e9galement un petit ranch \u00e0 17 Km de distance, nous sommes facilement disponibles pour toute information ou \u00e9ventualit\u00e9,<\/p>\n<p>De la piscine, des jardins, le gazon, arrosage etc., nous nous occupons nous-m\u00eames le minimum n\u00e9cessaire , pour ne pas deranger le repos des occupants.<\/p>\n<p>Nous aurons un plaisir de vous recevoir et essayerons d&#8217;obtenir que votre s\u00e9jour soit plaisant et m\u00e9ritant de souvenirs.[\/vc_column_text][\/vc_column][\/vc_row]<\/p>\n<\/section>","protected":false},"excerpt":{"rendered":"<p>[vc_row css=\u00bb.vc_custom_1569924283195{padding-top: 60px !important;}\u00bb][vc_column][\/vc_column][\/vc_row][vc_row equal_height=\u00bbyes\u00bb content_placement=\u00bbmiddle\u00bb][vc_column width=\u00bb1\/3&#8243;][\/vc_column][vc_column width=\u00bb2\/3&#8243;][vc_column_text]Comme Vous vous faites peut-\u00eatre quelques questions sur nous , nous essayons ici de vous apporter une certaine information: Ruth et Manuel Gosende, de nationalit\u00e9 suisse et espagnole nous sommes les propri\u00e9taires de Ville Herbalandia depuis que nous l&#8217;avons construite l&#8217;ann\u00e9e 1986 dans ce lieu charmant qui est [&hellip;]<\/p>\n","protected":false},"author":1,"featured_media":0,"parent":0,"menu_order":0,"comment_status":"closed","ping_status":"closed","template":"","meta":{"footnotes":""},"_links":{"self":[{"href":"https:\/\/villaherbalandia.com\/index.php?rest_route=\/wp\/v2\/pages\/336"}],"collection":[{"href":"https:\/\/villaherbalandia.com\/index.php?rest_route=\/wp\/v2\/pages"}],"about":[{"href":"https:\/\/villaherbalandia.com\/index.php?rest_route=\/wp\/v2\/types\/page"}],"author":[{"embeddable":true,"href":"https:\/\/villaherbalandia.com\/index.php?rest_route=\/wp\/v2\/users\/1"}],"replies":[{"embeddable":true,"href":"https:\/\/villaherbalandia.com\/index.php?rest_route=%2Fwp%2Fv2%2Fcomments&post=336"}],"version-history":[{"count":1,"href":"https:\/\/villaherbalandia.com\/index.php?rest_route=\/wp\/v2\/pages\/336\/revisions"}],"predecessor-version":[{"id":337,"href":"https:\/\/villaherbalandia.com\/index.php?rest_route=\/wp\/v2\/pages\/336\/revisions\/337"}],"wp:attachment":[{"href":"https:\/\/villaherbalandia.com\/index.php?rest_route=%2Fwp%2Fv2%2Fmedia&parent=336"}],"curies":[{"name":"wp","href":"https:\/\/api.w.org\/{rel}","templated":true}]}}