{"id":196,"date":"2019-08-29T16:25:00","date_gmt":"2019-08-29T14:25:00","guid":{"rendered":"http:\/\/villaherbalandia.com\/?page_id=196"},"modified":"2019-10-01T17:35:16","modified_gmt":"2019-10-01T15:35:16","slug":"politica-de-privacidad","status":"publish","type":"page","link":"https:\/\/villaherbalandia.com\/?page_id=196","title":{"rendered":"Pol\u00edtica de privacidad"},"content":{"rendered":"<section class=\"wpb-content-wrapper\"><p>[vc_row][vc_column]<div class=\"wpb_content_element \"><style type=\"text\/css\"><\/style><header id=\"ut_header_69fc80fd2d6b4\" class=\"section-header  ut-no-title-linebreak-mobile ut-no-lead-linebreak-mobile pt-style-6 header-left header-tablet-left header-mobile-center\"><h2 data-title=\"Pol\u00edtica de privacidad\"  data-responsive-font=\"section_title\" class=\"section-title  \"><span>Pol\u00edtica de privacidad<\/span><\/h2><\/header><\/div>[vc_column_text]<\/p>\n<p style=\"text-align: justify;\"><strong>Qui\u00e9nes somos<\/strong><\/p>\n<p style=\"text-align: justify;\">La direcci\u00f3n de nuestra web es: https:\/\/www.villaherbalandia.com<\/p>\n<p style=\"text-align: justify;\">Nombre fiscal: Villa Herbalandia &#8211; Ruth &amp; Manuel Gosende \u2013 H\u00e4ni<\/p>\n<p style=\"text-align: justify;\">Direcci\u00f3n: Las Atalayas \u2013 Avda. Bulgaria, 23<\/p>\n<p style=\"text-align: justify;\">12598 Pe\u00f1\u00edscola (Castell\u00f3n)<\/p>\n<p style=\"text-align: justify;\">Tel\u00e9fono de contacto: +34 964 480 150 &#8211; +34 629 254 751<\/p>\n<p style=\"text-align: justify;\">Email de contacto: villaherbalandia@yahoo.es<\/p>\n<p style=\"text-align: justify;\"><strong>Qu\u00e9 datos personales recogemos y por qu\u00e9 los recogemos<\/strong><\/p>\n<p style=\"text-align: justify;\"><strong>Datos de alta como cliente<\/strong><\/p>\n<p style=\"text-align: justify;\">Para poder realizar un pedido te tienes que dar de alta como cliente, en este proceso recogemos tus datos personales para poder darte de alta como cliente para que puedas realizar el pedido.<\/p>\n<p style=\"text-align: justify;\"><strong>Comentarios<\/strong><\/p>\n<p style=\"text-align: justify;\">Cuando los visitantes dejan comentarios en la web, recopilamos los datos que se muestran en el formulario de comentarios, as\u00ed como la direcci\u00f3n IP del visitante y la cadena de agentes de usuario del navegador para ayudar a la detecci\u00f3n de spam.<\/p>\n<p style=\"text-align: justify;\">Una cadena an\u00f3nima creada a partir de tu direcci\u00f3n de correo electr\u00f3nico (tambi\u00e9n llamada hash) puede ser proporcionada al servicio de Gravatar para ver si la est\u00e1s usando. La pol\u00edtica de privacidad del servicio Gravatar est\u00e1 disponible aqu\u00ed: https:\/\/automattic.com\/privacy\/. Despu\u00e9s de la aprobaci\u00f3n de tu comentario, la imagen de tu perfil es visible para el p\u00fablico en el contexto de su comentario.<\/p>\n<p style=\"text-align: justify;\"><strong>Medios<\/strong><\/p>\n<p style=\"text-align: justify;\">Si subes im\u00e1genes a la web deber\u00edas evitar subir im\u00e1genes con datos de ubicaci\u00f3n (GPS EXIF) incluidos. Los visitantes de la web pueden descargar y extraer cualquier dato de localizaci\u00f3n de las im\u00e1genes de la web.<\/p>\n<p style=\"text-align: justify;\"><strong>Formularios de contacto<\/strong><\/p>\n<p style=\"text-align: justify;\">En los formularios de contacto recogemos los datos necesarios para dar el servicio solicitado por el cliente.<\/p>\n<p style=\"text-align: justify;\"><strong>Cookies<\/strong><\/p>\n<p style=\"text-align: justify;\">Si dejas un comentario en nuestro sitio puedes elegir guardar tu nombre, direcci\u00f3n de correo electr\u00f3nico y web en cookies. Esto es para tu comodidad, para que no tengas que volver a rellenar tus datos cuando dejes otro comentario. Estas cookies tendr\u00e1n una duraci\u00f3n de un a\u00f1o.<\/p>\n<p style=\"text-align: justify;\">Si tienes una cuenta y te conectas a este sitio, instalaremos una cookie temporal para determinar si tu navegador acepta cookies. Esta cookie no contiene datos personales y se elimina al cerrar el navegador.<\/p>\n<p style=\"text-align: justify;\">Cuando inicias sesi\u00f3n, tambi\u00e9n instalaremos varias cookies para guardar tu informaci\u00f3n de inicio de sesi\u00f3n y tus opciones de visualizaci\u00f3n de pantalla. Las cookies de inicio de sesi\u00f3n duran dos d\u00edas, y las cookies de opciones de pantalla duran un a\u00f1o. Si seleccionas \u00abRecordarme\u00bb, tu inicio de sesi\u00f3n perdurar\u00e1 durante dos semanas. Si sales de tu cuenta, las cookies de inicio de sesi\u00f3n se eliminar\u00e1n.<\/p>\n<p style=\"text-align: justify;\">Si editas o publicas un art\u00edculo se guardar\u00e1 una cookie adicional en tu navegador. Esta cookie no incluye datos personales y simplemente indica el ID del art\u00edculo que acabas de editar. Caduca despu\u00e9s de 1 d\u00eda.<\/p>\n<p style=\"text-align: justify;\"><strong>Contenido incrustado de otros sitios web<\/strong><\/p>\n<p style=\"text-align: justify;\">Los art\u00edculos de este sitio pueden incluir contenido incrustado (por ejemplo, v\u00eddeos, im\u00e1genes, art\u00edculos, etc.). El contenido incrustado de otras web se comporta exactamente de la misma manera que si el visitante hubiera visitado la otra web.<\/p>\n<p style=\"text-align: justify;\">Estas web pueden recopilar datos sobre ti, utilizar cookies, incrustar un seguimiento adicional de terceros, y supervisar tu interacci\u00f3n con ese contenido incrustado, incluido el seguimiento de tu interacci\u00f3n con el contenido incrustado si tienes una cuenta y est\u00e1s conectado a esa web.<\/p>\n<p style=\"text-align: justify;\"><strong>Anal\u00edtica<\/strong><\/p>\n<p style=\"text-align: justify;\">Recogemos los datos de navegaci\u00f3n de manera an\u00f3nima mediante Google Analytics.<\/p>\n<p style=\"text-align: justify;\"><strong>Con qui\u00e9n compartimos tus datos<\/strong><\/p>\n<p style=\"text-align: justify;\">No compartimos tus datos personales.<\/p>\n<p style=\"text-align: justify;\">Compartimos tus datos de navegaci\u00f3n de manera an\u00f3nima con Google Analytics.<\/p>\n<p style=\"text-align: justify;\"><strong>Cu\u00e1nto tiempo conservamos tus datos<\/strong><\/p>\n<p style=\"text-align: justify;\">Si dejas un comentario, el comentario y sus metadatos se conservan indefinidamente. Esto es para que podamos reconocer y aprobar comentarios sucesivos autom\u00e1ticamente en lugar de mantenerlos en una cola de moderaci\u00f3n.<\/p>\n<p style=\"text-align: justify;\">De los usuarios que se registran en nuestra web (si los hay), tambi\u00e9n almacenamos la informaci\u00f3n personal que proporcionan en su perfil de usuario. Todos los usuarios pueden ver, editar o eliminar su informaci\u00f3n personal en cualquier momento (excepto que no pueden cambiar su nombre de usuario). Los administradores de la web tambi\u00e9n pueden ver y editar esa informaci\u00f3n.<\/p>\n<p style=\"text-align: justify;\"><strong>Qu\u00e9 derechos tienes sobre tus datos<\/strong><\/p>\n<p style=\"text-align: justify;\">Si tienes una cuenta o has dejado comentarios en esta web, puedes solicitar recibir un archivo de exportaci\u00f3n de los datos personales que tenemos sobre ti, incluyendo cualquier dato que nos hayas proporcionado. Tambi\u00e9n puedes solicitar que eliminemos cualquier dato personal que tengamos sobre ti. Esto no incluye ning\u00fan dato que estemos obligados a conservar con fines administrativos, legales o de seguridad.<\/p>\n<p style=\"text-align: justify;\"><strong>D\u00f3nde enviamos tus datos<\/strong><\/p>\n<p style=\"text-align: justify;\">Los comentarios de los visitantes puede que los revise un servicio de detecci\u00f3n autom\u00e1tica de spam.<\/p>\n<p style=\"text-align: justify;\"><strong>C\u00f3mo protegemos tus datos<\/strong><\/p>\n<p style=\"text-align: justify;\">Nuestro dominio est\u00e1 protegido por un certificado de seguridad SSL Wildcard administrado por 1and1 Ionos creado por DigiCert.<\/p>\n<p>&nbsp;<\/p>\n<p><!-- {\"name\":\"\",\"type\":\"layout\",\"children\":[{\"name\":\"\",\"type\":\"section\",\"props\":{\"style\":\"default\",\"width\":\"default\",\"vertical_align\":\"middle\",\"title_position\":\"top-left\",\"title_rotation\":\"left\",\"title_breakpoint\":\"xl\",\"image_position\":\"center-center\"},\"children\":[{\"name\":\"\",\"type\":\"row\",\"props\":{\"fixed_width\":\"large\",\"breakpoint\":\"m\",\"layout\":\"1-1\"},\"children\":[{\"name\":\"\",\"type\":\"column\",\"props\":{\"widths\":[\"1-1\"],\"image_position\":\"center-center\"},\"children\":[{\"name\":\"\",\"type\":\"headline\",\"props\":{\"title_element\":\"h1\",\"content\":\"Pol&iacute;tica de privacidad\"}}]}]}]},{\"name\":\"\",\"type\":\"section\",\"props\":{\"style\":\"default\",\"width\":\"default\",\"vertical_align\":\"middle\",\"title_position\":\"top-left\",\"title_rotation\":\"left\",\"title_breakpoint\":\"xl\",\"image_position\":\"center-center\",\"padding_remove_top\":true},\"children\":[{\"name\":\"\",\"type\":\"row\",\"props\":{\"fixed_width\":\"large\",\"breakpoint\":\"m\",\"layout\":\"1-1\"},\"children\":[{\"name\":\"\",\"type\":\"column\",\"props\":{\"widths\":[\"1-1\"],\"image_position\":\"center-center\"},\"children\":[{\"name\":\"\",\"type\":\"text\",\"props\":{\"margin\":\"default\",\"column_breakpoint\":\"m\",\"content\":\"<\/p>\n\n\n\n\n<p style=\\\"text-align: justify;\\\"><strong>Qui&eacute;nes somos<\\\/strong><\\\/p>\\n<\/p>\n\n\n\n\n<p style=\\\"text-align: justify;\\\">La direcci&oacute;n de nuestra web es: https:\\\/\\\/www.villaherbalandia.com<\\\/p>\\n<\/p>\n\n\n\n\n<p style=\\\"text-align: justify;\\\">Nombre fiscal: Villa Herbalandia - Ruth &amp; Manuel Gosende &ndash; H&auml;ni<\\\/p>\\n<\/p>\n\n\n\n\n<p style=\\\"text-align: justify;\\\">Direcci&oacute;n: Las Atalayas &ndash; Avda. Bulgaria, 23<\\\/p>\\n<\/p>\n\n\n\n\n<p style=\\\"text-align: justify;\\\">12598 Pe&ntilde;&iacute;scola (Castell&oacute;n)<\\\/p>\\n<\/p>\n\n\n\n\n<p style=\\\"text-align: justify;\\\">Tel&eacute;fono de contacto: +34 964 480 150 - +34 629 254 751<\\\/p>\\n<\/p>\n\n\n\n\n<p style=\\\"text-align: justify;\\\">Email de contacto: villaherbalandia@yahoo.es<\\\/p>\\n<\/p>\n\n\n\n\n<p style=\\\"text-align: justify;\\\"><strong>Qu&eacute; datos personales recogemos y por qu&eacute; los recogemos<\\\/strong><\\\/p>\\n<\/p>\n\n\n\n\n<p style=\\\"text-align: justify;\\\"><strong>Datos de alta como cliente<\\\/strong><\\\/p>\\n<\/p>\n\n\n\n\n<p style=\\\"text-align: justify;\\\">Para poder realizar un pedido te tienes que dar de alta como cliente, en este proceso recogemos tus datos personales para poder darte de alta como cliente para que puedas realizar el pedido.<\\\/p>\\n<\/p>\n\n\n\n\n<p style=\\\"text-align: justify;\\\"><strong>Comentarios<\\\/strong><\\\/p>\\n<\/p>\n\n\n\n\n<p style=\\\"text-align: justify;\\\">Cuando los visitantes dejan comentarios en la web, recopilamos los datos que se muestran en el formulario de comentarios, as&iacute; como la direcci&oacute;n IP del visitante y la cadena de agentes de usuario del navegador para ayudar a la detecci&oacute;n de spam.<\\\/p>\\n<\/p>\n\n\n\n\n<p style=\\\"text-align: justify;\\\">Una cadena an&oacute;nima creada a partir de tu direcci&oacute;n de correo electr&oacute;nico (tambi&eacute;n llamada hash) puede ser proporcionada al servicio de Gravatar para ver si la est&aacute;s usando. La pol&iacute;tica de privacidad del servicio Gravatar est&aacute; disponible aqu&iacute;: https:\\\/\\\/automattic.com\\\/privacy\\\/. Despu&eacute;s de la aprobaci&oacute;n de tu comentario, la imagen de tu perfil es visible para el p&uacute;blico en el contexto de su comentario.<\\\/p>\\n<\/p>\n\n\n\n\n<p style=\\\"text-align: justify;\\\"><strong>Medios<\\\/strong><\\\/p>\\n<\/p>\n\n\n\n\n<p style=\\\"text-align: justify;\\\">Si subes im&aacute;genes a la web deber&iacute;as evitar subir im&aacute;genes con datos de ubicaci&oacute;n (GPS EXIF) incluidos. Los visitantes de la web pueden descargar y extraer cualquier dato de localizaci&oacute;n de las im&aacute;genes de la web.<\\\/p>\\n<\/p>\n\n\n\n\n<p style=\\\"text-align: justify;\\\"><strong>Formularios de contacto<\\\/strong><\\\/p>\\n<\/p>\n\n\n\n\n<p style=\\\"text-align: justify;\\\">En los formularios de contacto recogemos los datos necesarios para dar el servicio solicitado por el cliente.<\\\/p>\\n<\/p>\n\n\n\n\n<p style=\\\"text-align: justify;\\\"><strong>Cookies<\\\/strong><\\\/p>\\n<\/p>\n\n\n\n\n<p style=\\\"text-align: justify;\\\">Si dejas un comentario en nuestro sitio puedes elegir guardar tu nombre, direcci&oacute;n de correo electr&oacute;nico y web en cookies. Esto es para tu comodidad, para que no tengas que volver a rellenar tus datos cuando dejes otro comentario. Estas cookies tendr&aacute;n una duraci&oacute;n de un a&ntilde;o.<\\\/p>\\n<\/p>\n\n\n\n\n<p style=\\\"text-align: justify;\\\">Si tienes una cuenta y te conectas a este sitio, instalaremos una cookie temporal para determinar si tu navegador acepta cookies. Esta cookie no contiene datos personales y se elimina al cerrar el navegador.<\\\/p>\\n<\/p>\n\n\n\n\n<p style=\\\"text-align: justify;\\\">Cuando inicias sesi&oacute;n, tambi&eacute;n instalaremos varias cookies para guardar tu informaci&oacute;n de inicio de sesi&oacute;n y tus opciones de visualizaci&oacute;n de pantalla. Las cookies de inicio de sesi&oacute;n duran dos d&iacute;as, y las cookies de opciones de pantalla duran un a&ntilde;o. Si seleccionas &laquo;Recordarme&raquo;, tu inicio de sesi&oacute;n perdurar&aacute; durante dos semanas. Si sales de tu cuenta, las cookies de inicio de sesi&oacute;n se eliminar&aacute;n.<\\\/p>\\n<\/p>\n\n\n\n\n<p style=\\\"text-align: justify;\\\">Si editas o publicas un art&iacute;culo se guardar&aacute; una cookie adicional en tu navegador. Esta cookie no incluye datos personales y simplemente indica el ID del art&iacute;culo que acabas de editar. Caduca despu&eacute;s de 1 d&iacute;a.<\\\/p>\\n<\/p>\n\n\n\n\n<p style=\\\"text-align: justify;\\\"><strong>Contenido incrustado de otros sitios web<\\\/strong><\\\/p>\\n<\/p>\n\n\n\n\n<p style=\\\"text-align: justify;\\\">Los art&iacute;culos de este sitio pueden incluir contenido incrustado (por ejemplo, v&iacute;deos, im&aacute;genes, art&iacute;culos, etc.). El contenido incrustado de otras web se comporta exactamente de la misma manera que si el visitante hubiera visitado la otra web.<\\\/p>\\n<\/p>\n\n\n\n\n<p style=\\\"text-align: justify;\\\">Estas web pueden recopilar datos sobre ti, utilizar cookies, incrustar un seguimiento adicional de terceros, y supervisar tu interacci&oacute;n con ese contenido incrustado, incluido el seguimiento de tu interacci&oacute;n con el contenido incrustado si tienes una cuenta y est&aacute;s conectado a esa web.<\\\/p>\\n<\/p>\n\n\n\n\n<p style=\\\"text-align: justify;\\\"><strong>Anal&iacute;tica<\\\/strong><\\\/p>\\n<\/p>\n\n\n\n\n<p style=\\\"text-align: justify;\\\">Recogemos los datos de navegaci&oacute;n de manera an&oacute;nima mediante Google Analytics.<\\\/p>\\n<\/p>\n\n\n\n\n<p style=\\\"text-align: justify;\\\"><strong>Con qui&eacute;n compartimos tus datos<\\\/strong><\\\/p>\\n<\/p>\n\n\n\n\n<p style=\\\"text-align: justify;\\\">No compartimos tus datos personales.<\\\/p>\\n<\/p>\n\n\n\n\n<p style=\\\"text-align: justify;\\\">Compartimos tus datos de navegaci&oacute;n de manera an&oacute;nima con Google Analytics.<\\\/p>\\n<\/p>\n\n\n\n\n<p style=\\\"text-align: justify;\\\"><strong>Cu&aacute;nto tiempo conservamos tus datos<\\\/strong><\\\/p>\\n<\/p>\n\n\n\n\n<p style=\\\"text-align: justify;\\\">Si dejas un comentario, el comentario y sus metadatos se conservan indefinidamente. Esto es para que podamos reconocer y aprobar comentarios sucesivos autom&aacute;ticamente en lugar de mantenerlos en una cola de moderaci&oacute;n.<\\\/p>\\n<\/p>\n\n\n\n\n<p style=\\\"text-align: justify;\\\">De los usuarios que se registran en nuestra web (si los hay), tambi&eacute;n almacenamos la informaci&oacute;n personal que proporcionan en su perfil de usuario. Todos los usuarios pueden ver, editar o eliminar su informaci&oacute;n personal en cualquier momento (excepto que no pueden cambiar su nombre de usuario). Los administradores de la web tambi&eacute;n pueden ver y editar esa informaci&oacute;n.<\\\/p>\\n<\/p>\n\n\n\n\n<p style=\\\"text-align: justify;\\\"><strong>Qu&eacute; derechos tienes sobre tus datos<\\\/strong><\\\/p>\\n<\/p>\n\n\n\n\n<p style=\\\"text-align: justify;\\\">Si tienes una cuenta o has dejado comentarios en esta web, puedes solicitar recibir un archivo de exportaci&oacute;n de los datos personales que tenemos sobre ti, incluyendo cualquier dato que nos hayas proporcionado. Tambi&eacute;n puedes solicitar que eliminemos cualquier dato personal que tengamos sobre ti. Esto no incluye ning&uacute;n dato que estemos obligados a conservar con fines administrativos, legales o de seguridad.<\\\/p>\\n<\/p>\n\n\n\n\n<p style=\\\"text-align: justify;\\\"><strong>D&oacute;nde enviamos tus datos<\\\/strong><\\\/p>\\n<\/p>\n\n\n\n\n<p style=\\\"text-align: justify;\\\">Los comentarios de los visitantes puede que los revise un servicio de detecci&oacute;n autom&aacute;tica de spam.<\\\/p>\\n<\/p>\n\n\n\n\n<p style=\\\"text-align: justify;\\\"><strong>C&oacute;mo protegemos tus datos<\\\/strong><\\\/p>\\n<\/p>\n\n\n\n\n<p style=\\\"text-align: justify;\\\">Nuestro dominio est&aacute; protegido por un certificado de seguridad SSL Wildcard administrado por 1and1 Ionos creado por DigiCert.<\\\/p>\\n&nbsp;<\\\/p>\",\"text_size\":\"large\"}}]}]}]}]} --><\/p>\n<p>[\/vc_column_text][\/vc_column][\/vc_row]<\/p>\n<\/section>","protected":false},"excerpt":{"rendered":"<p>[vc_row][vc_column][vc_column_text] Qui\u00e9nes somos La direcci\u00f3n de nuestra web es: https:\/\/www.villaherbalandia.com Nombre fiscal: Villa Herbalandia &#8211; Ruth &amp; Manuel Gosende \u2013 H\u00e4ni Direcci\u00f3n: Las Atalayas \u2013 Avda. Bulgaria, 23 12598 Pe\u00f1\u00edscola (Castell\u00f3n) Tel\u00e9fono de contacto: +34 964 480 150 &#8211; +34 629 254 751 Email de contacto: villaherbalandia@yahoo.es Qu\u00e9 datos personales recogemos y por qu\u00e9 los [&hellip;]<\/p>\n","protected":false},"author":1,"featured_media":0,"parent":0,"menu_order":0,"comment_status":"closed","ping_status":"closed","template":"","meta":{"footnotes":""},"_links":{"self":[{"href":"https:\/\/villaherbalandia.com\/index.php?rest_route=\/wp\/v2\/pages\/196"}],"collection":[{"href":"https:\/\/villaherbalandia.com\/index.php?rest_route=\/wp\/v2\/pages"}],"about":[{"href":"https:\/\/villaherbalandia.com\/index.php?rest_route=\/wp\/v2\/types\/page"}],"author":[{"embeddable":true,"href":"https:\/\/villaherbalandia.com\/index.php?rest_route=\/wp\/v2\/users\/1"}],"replies":[{"embeddable":true,"href":"https:\/\/villaherbalandia.com\/index.php?rest_route=%2Fwp%2Fv2%2Fcomments&post=196"}],"version-history":[{"count":3,"href":"https:\/\/villaherbalandia.com\/index.php?rest_route=\/wp\/v2\/pages\/196\/revisions"}],"predecessor-version":[{"id":407,"href":"https:\/\/villaherbalandia.com\/index.php?rest_route=\/wp\/v2\/pages\/196\/revisions\/407"}],"wp:attachment":[{"href":"https:\/\/villaherbalandia.com\/index.php?rest_route=%2Fwp%2Fv2%2Fmedia&parent=196"}],"curies":[{"name":"wp","href":"https:\/\/api.w.org\/{rel}","templated":true}]}}