{"id":143,"date":"2019-08-29T12:08:46","date_gmt":"2019-08-29T10:08:46","guid":{"rendered":"http:\/\/villaherbalandia.com\/?page_id=143"},"modified":"2019-10-01T12:04:48","modified_gmt":"2019-10-01T10:04:48","slug":"quienes-somos","status":"publish","type":"page","link":"https:\/\/villaherbalandia.com\/?page_id=143","title":{"rendered":"Quienes somos"},"content":{"rendered":"<section class=\"wpb-content-wrapper\"><p>[vc_row css=\u00bb.vc_custom_1569924283195{padding-top: 60px !important;}\u00bb][vc_column]<div class=\"wpb_content_element \"><style type=\"text\/css\"><\/style><header id=\"ut_header_69fc7faf8c1e8\" class=\"section-header  ut-no-title-linebreak-mobile ut-no-lead-linebreak-mobile pt-style-6 header-center header-tablet-center header-mobile-center\"><h2 data-title=\"Quienes somos\"  data-responsive-font=\"section_title\" class=\"section-title  \"><span>Quienes somos<\/span><\/h2><\/header><\/div>[\/vc_column][\/vc_row][vc_row equal_height=\u00bbyes\u00bb content_placement=\u00bbmiddle\u00bb][vc_column width=\u00bb1\/3&#8243;]<div  class=\"wpb_content_element   clearfix\"><style type=\"text\/css\">#ut_am_69fc7faf90ae9 { opacity: 1; }#ut_am_wrap_69fc7faf90aea { text-align: left; }@media (min-width: 768px) and (max-width: 1024px) { #ut_am_wrap_69fc7faf90aea { text-align: left !important; } }@media (max-width: 767px) { #ut_am_wrap_69fc7faf90aea { text-align: center !important; } }<\/style><div id=\"ut_am_wrap_69fc7faf90aea\" class=\"ut-image-gallery-image \"><div id=\"ut_reveal_69fc7faf90aeb\"  data-appear-top-offset=\"auto\" class=\"ut-animated-image-item ut-image-gallery-item ut-animation-done \"><a class=\"ut-deactivated-link\" href=\"#\"><div class=\"ut-animated-image-zoom\">\r\n        <div class=\"ut-element-glitch-wrap\">\r\n\r\n            \r\n        <style type=\"text\/css\">\r\n\r\n                        \r\n        @media (min-width: 1025px) {\r\n\r\n        #ut-element-glitch-69fc7faf90b17163973434-121 .ut-glitch-single-element {\r\n                                            \r\n                }\r\n        }\r\n\r\n        @media (min-width: 768px) and (max-width: 1024px) {\r\n\r\n        #ut-element-glitch-69fc7faf90b17163973434-121 .ut-glitch-single-element {\r\n                                                \r\n                    }\r\n        }\r\n\r\n        @media (max-width: 767px) {\r\n\r\n        #ut-element-glitch-69fc7faf90b17163973434-121 .ut-glitch-single-element {\r\n                                                \r\n                    }\r\n        }\r\n\r\n        \r\n        <\/style>\r\n\r\n        \r\n            <div id=\"ut-element-glitch-69fc7faf90b17163973434-121\" class=\" ut-element-glitch ut-glitch-none ut-element-glitch-permanent\">\r\n                <div class=\"ut-glitch-single-element ut-lozad skip-lazy\" data-background-image=\"https:\/\/villaherbalandia.com\/wp-content\/uploads\/crucero.png\"><\/div>\r\n                <div class=\"ut-glitch-single-element ut-lozad skip-lazy\" data-background-image=\"https:\/\/villaherbalandia.com\/wp-content\/uploads\/crucero.png\"><\/div>\r\n                <div class=\"ut-glitch-single-element ut-lozad skip-lazy\" data-background-image=\"https:\/\/villaherbalandia.com\/wp-content\/uploads\/crucero.png\"><\/div>\r\n                <div class=\"ut-glitch-single-element ut-lozad skip-lazy\" data-background-image=\"https:\/\/villaherbalandia.com\/wp-content\/uploads\/crucero.png\"><\/div>\r\n                <div class=\"ut-glitch-single-element ut-lozad skip-lazy\" data-background-image=\"https:\/\/villaherbalandia.com\/wp-content\/uploads\/crucero.png\"><\/div>\r\n            <\/div>\r\n\r\n        <\/div>\r\n\r\n        <img class=\"ut-lazy skip-lazy ut-animated-image \"  id=\"ut_am_69fc7faf90ae9\" src=\"data:image\/svg+xml;charset=utf-8,%3Csvg xmlns%3D'http%3A%2F%2Fwww.w3.org%2F2000%2Fsvg' viewBox%3D'0 0 294 223'%2F%3E\" data-src=\"https:\/\/villaherbalandia.com\/wp-content\/uploads\/crucero.png\" width=\"294\" height=\"223\" alt=\"\"\/><\/div><\/a><\/div><\/div><\/div>[\/vc_column][vc_column width=\u00bb2\/3&#8243;][vc_column_text]<\/p>\n<p style=\"text-align: justify;\">Como quiz\u00e1s se haga Vd algunas preguntas de quienes somos , aqui intentamos aportarle alguna informacion.<\/p>\n<p style=\"text-align: justify;\">Ruth y Manuel Gosende, de nacionalidad suiza y espa\u00f1ola somos los propietarios de la Villa Herbalandia desde que la hemos construido en el a\u00f1o 1986 en este encantador lugar que es Pe\u00f1\u00edscola. Tenemos igualmente una propiedad en los Alpes Suizos<\/p>\n<p style=\"text-align: justify;\">En nuestra vida profesional hemos realizado diferentes actividades: propietarios de diferentes negocios: agencia de viajes, galer\u00eda de arte, agencia immobiliaria, restaurantes, camping dirigiendo hasta 45 empleados y hemos realizado diferentes escuelas y diplomas: Escuela de Hosteler\u00eda de Ginebra, piloto de avion, monitor de buceo, arqueolog\u00eda submarina, monitora de ski, campeonatos del mundo de canoa representando a Suiza, etc.<\/p>\n<p style=\"text-align: justify;\">En una parte de la Villa (en total tiene unos 600 m2) es para nosotros un placer de recibir y despedir personalmente a nuestros invitados (as\u00ed los consideramos) de diferentes lugares en espa\u00f1ol, franc\u00e9s, alem\u00e1n e ingles adem\u00e1s del suizo alem\u00e1n y el gallego y como poseemos igualmente un peque\u00f1o rancho a 17 Km de distancia, estamos f\u00e1cilmente disponibles para cualquier informaci\u00f3n u eventualidad,<\/p>\n<p style=\"text-align: justify;\">De los jardines, c\u00e9sped, riego etc, nos ocupamos nosotros mismos lo m\u00ednimo necesario<\/p>\n<p style=\"text-align: justify;\">Ser\u00e1 para nosotros un placer de recibirlos e intentar lograr que su estancia sea placentera y merecedora de recuerdos.<\/p>\n<p><!-- {\"name\":\"\",\"type\":\"layout\",\"children\":[{\"name\":\"\",\"type\":\"section\",\"props\":{\"style\":\"default\",\"width\":\"default\",\"vertical_align\":\"middle\",\"title_position\":\"top-left\",\"title_rotation\":\"left\",\"title_breakpoint\":\"xl\",\"image_position\":\"center-center\",\"padding_remove_top\":false,\"padding_remove_bottom\":true},\"children\":[{\"name\":\"\",\"type\":\"row\",\"props\":{\"fixed_width\":\"large\",\"breakpoint\":\"m\",\"layout\":\"1-1\"},\"children\":[{\"name\":\"\",\"type\":\"column\",\"props\":{\"widths\":[\"1-1\"],\"image_position\":\"center-center\"},\"children\":[{\"name\":\"\",\"type\":\"headline\",\"props\":{\"title_element\":\"h1\",\"content\":\"Quienes somos\"}}]}]}]},{\"name\":\"\",\"type\":\"section\",\"props\":{\"style\":\"default\",\"width\":\"default\",\"vertical_align\":\"middle\",\"title_position\":\"top-left\",\"title_rotation\":\"left\",\"title_breakpoint\":\"xl\",\"image_position\":\"center-center\"},\"children\":[{\"name\":\"\",\"type\":\"row\",\"props\":{\"fixed_width\":\"large\",\"breakpoint\":\"m\",\"layout\":\",2-3\",\"divider\":true,\"vertical_align\":true},\"children\":[{\"name\":\"\",\"type\":\"column\",\"props\":{\"widths\":[\"\"],\"image_position\":\"center-center\"},\"children\":[{\"name\":\"\",\"type\":\"image\",\"props\":{\"margin\":\"default\",\"image\":\"wp-content\\\/uploads\\\/crucero.png\"}}]},{\"name\":\"\",\"type\":\"column\",\"props\":{\"widths\":[\"2-3\"],\"image_position\":\"center-center\"},\"children\":[{\"name\":\"\",\"type\":\"text\",\"props\":{\"margin\":\"default\",\"column_breakpoint\":\"m\",\"content\":\"<\/p>\n\n\n\n\n<p style=\\\"text-align: justify;\\\">Como quiz&aacute;s se haga Vd algunas preguntas de quienes somos , aqui intentamos aportarle alguna informacion.<\\\/p>\\n<\/p>\n\n\n\n\n<p style=\\\"text-align: justify;\\\">Ruth y Manuel Gosende, de nacionalidad suiza y espa&ntilde;ola somos los propietarios de la Villa Herbalandia desde que la hemos construido en el a&ntilde;o 1986 en este encantador lugar que es Pe&ntilde;&iacute;scola. Tenemos igualmente una propiedad en los Alpes Suizos<\\\/p>\\n<\/p>\n\n\n\n\n<p style=\\\"text-align: justify;\\\">En nuestra vida profesional hemos realizado diferentes actividades: propietarios de diferentes negocios: agencia de viajes, galer&iacute;a de arte, agencia immobiliaria, restaurantes, camping dirigiendo hasta 45 empleados y hemos realizado diferentes escuelas y diplomas: Escuela de Hosteler&iacute;a de Ginebra, piloto de avion, monitor de buceo, arqueolog&iacute;a submarina, monitora de ski, campeonatos del mundo de canoa representando a Suiza, etc.<\\\/p>\\n<\/p>\n\n\n\n\n<p style=\\\"text-align: justify;\\\">En una parte de la Villa (en total tiene unos 600 m2) es para nosotros un placer de recibir y despedir personalmente a nuestros invitados (as&iacute; los consideramos) de diferentes lugares en espa&ntilde;ol, franc&eacute;s, alem&aacute;n e ingles adem&aacute;s del suizo alem&aacute;n y el gallego y como poseemos igualmente un peque&ntilde;o rancho a 17 Km de distancia, estamos f&aacute;cilmente disponibles para cualquier informaci&oacute;n u eventualidad,<\\\/p>\\n<\/p>\n\n\n\n\n<p style=\\\"text-align: justify;\\\">De los jardines, c&eacute;sped, riego etc, nos ocupamos nosotros mismos lo m&iacute;nimo necesario<\\\/p>\\n<\/p>\n\n\n\n\n<p style=\\\"text-align: justify;\\\">Ser&aacute; para nosotros un placer de recibirlos e intentar lograr que su estancia sea placentera y merecedora de recuerdos.<\\\/p>\",\"text_size\":\"large\"}}]}]}]}]} --><\/p>\n<p>[\/vc_column_text][\/vc_column][\/vc_row]<\/p>\n<\/section>","protected":false},"excerpt":{"rendered":"<p>[vc_row css=\u00bb.vc_custom_1569924283195{padding-top: 60px !important;}\u00bb][vc_column][\/vc_column][\/vc_row][vc_row equal_height=\u00bbyes\u00bb content_placement=\u00bbmiddle\u00bb][vc_column width=\u00bb1\/3&#8243;][\/vc_column][vc_column width=\u00bb2\/3&#8243;][vc_column_text] Como quiz\u00e1s se haga Vd algunas preguntas de quienes somos , aqui intentamos aportarle alguna informacion. Ruth y Manuel Gosende, de nacionalidad suiza y espa\u00f1ola somos los propietarios de la Villa Herbalandia desde que la hemos construido en el a\u00f1o 1986 en este encantador lugar que es [&hellip;]<\/p>\n","protected":false},"author":1,"featured_media":0,"parent":0,"menu_order":0,"comment_status":"closed","ping_status":"closed","template":"","meta":{"footnotes":""},"_links":{"self":[{"href":"https:\/\/villaherbalandia.com\/index.php?rest_route=\/wp\/v2\/pages\/143"}],"collection":[{"href":"https:\/\/villaherbalandia.com\/index.php?rest_route=\/wp\/v2\/pages"}],"about":[{"href":"https:\/\/villaherbalandia.com\/index.php?rest_route=\/wp\/v2\/types\/page"}],"author":[{"embeddable":true,"href":"https:\/\/villaherbalandia.com\/index.php?rest_route=\/wp\/v2\/users\/1"}],"replies":[{"embeddable":true,"href":"https:\/\/villaherbalandia.com\/index.php?rest_route=%2Fwp%2Fv2%2Fcomments&post=143"}],"version-history":[{"count":10,"href":"https:\/\/villaherbalandia.com\/index.php?rest_route=\/wp\/v2\/pages\/143\/revisions"}],"predecessor-version":[{"id":333,"href":"https:\/\/villaherbalandia.com\/index.php?rest_route=\/wp\/v2\/pages\/143\/revisions\/333"}],"wp:attachment":[{"href":"https:\/\/villaherbalandia.com\/index.php?rest_route=%2Fwp%2Fv2%2Fmedia&parent=143"}],"curies":[{"name":"wp","href":"https:\/\/api.w.org\/{rel}","templated":true}]}}